{"id":4885,"date":"2024-02-16T15:52:29","date_gmt":"2024-02-16T15:52:29","guid":{"rendered":"https:\/\/sesttopola.rs\/?page_id=4885"},"modified":"2024-12-11T12:38:03","modified_gmt":"2024-12-11T12:38:03","slug":"blog","status":"publish","type":"page","link":"https:\/\/sesttopola.rs\/en\/blog\/","title":{"rendered":"Blog"},"content":{"rendered":"<div data-elementor-type=\"wp-page\" data-elementor-id=\"4885\" class=\"elementor elementor-4885\">\n\t\t\t\t<div class=\"elementor-element elementor-element-547323b e-flex e-con-boxed e-con e-parent\" data-id=\"547323b\" data-element_type=\"container\" data-settings=\"{&quot;background_background&quot;:&quot;classic&quot;,&quot;grandrestaurant_ext_is_background_parallax&quot;:&quot;false&quot;,&quot;grandrestaurant_ext_is_background_backdrop&quot;:&quot;false&quot;,&quot;grandrestaurant_ext_is_background_on_scroll&quot;:&quot;false&quot;,&quot;grandrestaurant_ext_link_reservation&quot;:&quot;false&quot;,&quot;grandrestaurant_ext_link_sidemenu&quot;:&quot;false&quot;,&quot;grandrestaurant_ext_link_fullmenu&quot;:&quot;false&quot;,&quot;grandrestaurant_ext_link_closed_fullmenu&quot;:&quot;false&quot;,&quot;grandrestaurant_ext_is_scrollme&quot;:&quot;false&quot;,&quot;grandrestaurant_ext_is_smoove&quot;:&quot;false&quot;,&quot;grandrestaurant_ext_is_parallax_mouse&quot;:&quot;false&quot;,&quot;grandrestaurant_ext_is_infinite&quot;:&quot;false&quot;,&quot;grandrestaurant_ext_is_fadeout_animation&quot;:&quot;false&quot;,&quot;grandrestaurant_ext_mobile_static&quot;:&quot;false&quot;}\">\n\t\t\t\t\t<div class=\"e-con-inner\">\n\t\t<div class=\"elementor-element elementor-element-06c9b98 e-transform elementor-hidden-mobile e-flex e-con-boxed e-con e-child\" data-id=\"06c9b98\" data-element_type=\"container\" data-settings=\"{&quot;position&quot;:&quot;absolute&quot;,&quot;_transform_rotateZ_effect&quot;:{&quot;unit&quot;:&quot;px&quot;,&quot;size&quot;:-90,&quot;sizes&quot;:[]},&quot;grandrestaurant_ext_is_background_parallax&quot;:&quot;false&quot;,&quot;grandrestaurant_ext_is_background_backdrop&quot;:&quot;false&quot;,&quot;grandrestaurant_ext_is_background_on_scroll&quot;:&quot;false&quot;,&quot;grandrestaurant_ext_link_reservation&quot;:&quot;false&quot;,&quot;grandrestaurant_ext_link_sidemenu&quot;:&quot;false&quot;,&quot;grandrestaurant_ext_link_fullmenu&quot;:&quot;false&quot;,&quot;grandrestaurant_ext_link_closed_fullmenu&quot;:&quot;false&quot;,&quot;grandrestaurant_ext_is_scrollme&quot;:&quot;false&quot;,&quot;grandrestaurant_ext_is_smoove&quot;:&quot;false&quot;,&quot;grandrestaurant_ext_is_parallax_mouse&quot;:&quot;false&quot;,&quot;grandrestaurant_ext_is_infinite&quot;:&quot;false&quot;,&quot;grandrestaurant_ext_is_fadeout_animation&quot;:&quot;false&quot;,&quot;grandrestaurant_ext_mobile_static&quot;:&quot;false&quot;,&quot;_transform_rotateZ_effect_tablet&quot;:{&quot;unit&quot;:&quot;deg&quot;,&quot;size&quot;:&quot;&quot;,&quot;sizes&quot;:[]},&quot;_transform_rotateZ_effect_mobile&quot;:{&quot;unit&quot;:&quot;deg&quot;,&quot;size&quot;:&quot;&quot;,&quot;sizes&quot;:[]}}\">\n\t\t\t\t\t<div class=\"e-con-inner\">\n\t\t\t\t<div class=\"elementor-element elementor-element-1f2372b elementor-widget__width-initial elementor-widget-divider--view-line elementor-widget elementor-widget-divider\" data-id=\"1f2372b\" data-element_type=\"widget\" data-settings=\"{&quot;grandrestaurant_ext_link_reservation&quot;:&quot;false&quot;,&quot;grandrestaurant_ext_link_sidemenu&quot;:&quot;false&quot;,&quot;grandrestaurant_ext_link_fullmenu&quot;:&quot;false&quot;,&quot;grandrestaurant_ext_link_closed_fullmenu&quot;:&quot;false&quot;,&quot;grandrestaurant_ext_is_scrollme&quot;:&quot;false&quot;,&quot;grandrestaurant_ext_is_smoove&quot;:&quot;false&quot;,&quot;grandrestaurant_ext_is_parallax_mouse&quot;:&quot;false&quot;,&quot;grandrestaurant_ext_is_infinite&quot;:&quot;false&quot;,&quot;grandrestaurant_ext_is_fadeout_animation&quot;:&quot;false&quot;,&quot;grandrestaurant_ext_mobile_static&quot;:&quot;false&quot;}\" data-widget_type=\"divider.default\">\n\t\t\t\t<div class=\"elementor-widget-container\">\n\t\t\t\t\t\t\t<div class=\"elementor-divider\">\n\t\t\t<span class=\"elementor-divider-separator\">\n\t\t\t\t\t\t<\/span>\n\t\t<\/div>\n\t\t\t\t\t\t<\/div>\n\t\t\t\t<\/div>\n\t\t\t\t<div class=\"elementor-element elementor-element-b0d2222 elementor-widget elementor-widget-heading\" data-id=\"b0d2222\" data-element_type=\"widget\" data-settings=\"{&quot;grandrestaurant_ext_link_reservation&quot;:&quot;false&quot;,&quot;grandrestaurant_ext_link_sidemenu&quot;:&quot;false&quot;,&quot;grandrestaurant_ext_link_fullmenu&quot;:&quot;false&quot;,&quot;grandrestaurant_ext_link_closed_fullmenu&quot;:&quot;false&quot;,&quot;grandrestaurant_ext_is_scrollme&quot;:&quot;false&quot;,&quot;grandrestaurant_ext_is_smoove&quot;:&quot;false&quot;,&quot;grandrestaurant_ext_is_parallax_mouse&quot;:&quot;false&quot;,&quot;grandrestaurant_ext_is_infinite&quot;:&quot;false&quot;,&quot;grandrestaurant_ext_is_fadeout_animation&quot;:&quot;false&quot;,&quot;grandrestaurant_ext_mobile_static&quot;:&quot;false&quot;}\" data-widget_type=\"heading.default\">\n\t\t\t\t<div class=\"elementor-widget-container\">\n\t\t\t\t\t<div class=\"elementor-heading-title elementor-size-default\"><a href=\"tel:+381%2061%2030%2020%20300\">+381 61 30 20 300<\/a><\/div>\t\t\t\t<\/div>\n\t\t\t\t<\/div>\n\t\t\t\t\t<\/div>\n\t\t\t\t<\/div>\n\t\t\t\t<div class=\"elementor-element elementor-element-72b25c4 elementor-widget elementor-widget-heading\" data-id=\"72b25c4\" data-element_type=\"widget\" data-settings=\"{&quot;grandrestaurant_ext_is_fadeout_animation&quot;:&quot;true&quot;,&quot;grandrestaurant_ext_is_fadeout_animation_direction&quot;:&quot;still&quot;,&quot;grandrestaurant_ext_is_scrollme&quot;:&quot;true&quot;,&quot;grandrestaurant_ext_scrollme_translatez&quot;:{&quot;unit&quot;:&quot;px&quot;,&quot;size&quot;:-1000,&quot;sizes&quot;:[]},&quot;grandrestaurant_ext_link_reservation&quot;:&quot;false&quot;,&quot;grandrestaurant_ext_link_sidemenu&quot;:&quot;false&quot;,&quot;grandrestaurant_ext_link_fullmenu&quot;:&quot;false&quot;,&quot;grandrestaurant_ext_link_closed_fullmenu&quot;:&quot;false&quot;,&quot;grandrestaurant_ext_scrollme_disable&quot;:&quot;mobile&quot;,&quot;grandrestaurant_ext_scrollme_smoothness&quot;:{&quot;unit&quot;:&quot;px&quot;,&quot;size&quot;:30,&quot;sizes&quot;:[]},&quot;grandrestaurant_ext_scrollme_scalex&quot;:{&quot;unit&quot;:&quot;px&quot;,&quot;size&quot;:1,&quot;sizes&quot;:[]},&quot;grandrestaurant_ext_scrollme_scaley&quot;:{&quot;unit&quot;:&quot;px&quot;,&quot;size&quot;:1,&quot;sizes&quot;:[]},&quot;grandrestaurant_ext_scrollme_scalez&quot;:{&quot;unit&quot;:&quot;px&quot;,&quot;size&quot;:1,&quot;sizes&quot;:[]},&quot;grandrestaurant_ext_scrollme_rotatex&quot;:{&quot;unit&quot;:&quot;px&quot;,&quot;size&quot;:0,&quot;sizes&quot;:[]},&quot;grandrestaurant_ext_scrollme_rotatey&quot;:{&quot;unit&quot;:&quot;px&quot;,&quot;size&quot;:0,&quot;sizes&quot;:[]},&quot;grandrestaurant_ext_scrollme_rotatez&quot;:{&quot;unit&quot;:&quot;px&quot;,&quot;size&quot;:0,&quot;sizes&quot;:[]},&quot;grandrestaurant_ext_scrollme_translatex&quot;:{&quot;unit&quot;:&quot;px&quot;,&quot;size&quot;:0,&quot;sizes&quot;:[]},&quot;grandrestaurant_ext_scrollme_translatey&quot;:{&quot;unit&quot;:&quot;px&quot;,&quot;size&quot;:0,&quot;sizes&quot;:[]},&quot;grandrestaurant_ext_is_parallax_mouse&quot;:&quot;false&quot;,&quot;grandrestaurant_ext_is_infinite&quot;:&quot;false&quot;,&quot;grandrestaurant_ext_is_fadeout_animation_velocity&quot;:{&quot;unit&quot;:&quot;px&quot;,&quot;size&quot;:0.7,&quot;sizes&quot;:[]},&quot;grandrestaurant_ext_mobile_static&quot;:&quot;false&quot;}\" data-widget_type=\"heading.default\">\n\t\t\t\t<div class=\"elementor-widget-container\">\n\t\t\t\t\t<div class=\"elementor-heading-title elementor-size-default\">\u0160est topola<\/div>\t\t\t\t<\/div>\n\t\t\t\t<\/div>\n\t\t\t\t<div class=\"elementor-element elementor-element-84ae531 elementor-widget elementor-widget-heading\" data-id=\"84ae531\" data-element_type=\"widget\" data-settings=\"{&quot;grandrestaurant_ext_is_fadeout_animation&quot;:&quot;true&quot;,&quot;grandrestaurant_ext_is_fadeout_animation_velocity&quot;:{&quot;unit&quot;:&quot;px&quot;,&quot;size&quot;:0.6,&quot;sizes&quot;:[]},&quot;grandrestaurant_ext_is_fadeout_animation_direction&quot;:&quot;still&quot;,&quot;grandrestaurant_ext_is_scrollme&quot;:&quot;true&quot;,&quot;grandrestaurant_ext_scrollme_translatez&quot;:{&quot;unit&quot;:&quot;px&quot;,&quot;size&quot;:1000,&quot;sizes&quot;:[]},&quot;grandrestaurant_ext_link_reservation&quot;:&quot;false&quot;,&quot;grandrestaurant_ext_link_sidemenu&quot;:&quot;false&quot;,&quot;grandrestaurant_ext_link_fullmenu&quot;:&quot;false&quot;,&quot;grandrestaurant_ext_link_closed_fullmenu&quot;:&quot;false&quot;,&quot;grandrestaurant_ext_scrollme_disable&quot;:&quot;mobile&quot;,&quot;grandrestaurant_ext_scrollme_smoothness&quot;:{&quot;unit&quot;:&quot;px&quot;,&quot;size&quot;:30,&quot;sizes&quot;:[]},&quot;grandrestaurant_ext_scrollme_scalex&quot;:{&quot;unit&quot;:&quot;px&quot;,&quot;size&quot;:1,&quot;sizes&quot;:[]},&quot;grandrestaurant_ext_scrollme_scaley&quot;:{&quot;unit&quot;:&quot;px&quot;,&quot;size&quot;:1,&quot;sizes&quot;:[]},&quot;grandrestaurant_ext_scrollme_scalez&quot;:{&quot;unit&quot;:&quot;px&quot;,&quot;size&quot;:1,&quot;sizes&quot;:[]},&quot;grandrestaurant_ext_scrollme_rotatex&quot;:{&quot;unit&quot;:&quot;px&quot;,&quot;size&quot;:0,&quot;sizes&quot;:[]},&quot;grandrestaurant_ext_scrollme_rotatey&quot;:{&quot;unit&quot;:&quot;px&quot;,&quot;size&quot;:0,&quot;sizes&quot;:[]},&quot;grandrestaurant_ext_scrollme_rotatez&quot;:{&quot;unit&quot;:&quot;px&quot;,&quot;size&quot;:0,&quot;sizes&quot;:[]},&quot;grandrestaurant_ext_scrollme_translatex&quot;:{&quot;unit&quot;:&quot;px&quot;,&quot;size&quot;:0,&quot;sizes&quot;:[]},&quot;grandrestaurant_ext_scrollme_translatey&quot;:{&quot;unit&quot;:&quot;px&quot;,&quot;size&quot;:0,&quot;sizes&quot;:[]},&quot;grandrestaurant_ext_is_parallax_mouse&quot;:&quot;false&quot;,&quot;grandrestaurant_ext_is_infinite&quot;:&quot;false&quot;,&quot;grandrestaurant_ext_mobile_static&quot;:&quot;false&quot;}\" data-widget_type=\"heading.default\">\n\t\t\t\t<div class=\"elementor-widget-container\">\n\t\t\t\t\t<h1 class=\"elementor-heading-title elementor-size-default\">Blog<\/h1>\t\t\t\t<\/div>\n\t\t\t\t<\/div>\n\t\t\t\t\t<\/div>\n\t\t\t\t<\/div>\n\t\t<div class=\"elementor-element elementor-element-fb9e660 e-flex e-con-boxed e-con e-parent\" data-id=\"fb9e660\" data-element_type=\"container\" data-settings=\"{&quot;background_background&quot;:&quot;classic&quot;,&quot;grandrestaurant_ext_is_background_parallax&quot;:&quot;false&quot;,&quot;grandrestaurant_ext_is_background_backdrop&quot;:&quot;false&quot;,&quot;grandrestaurant_ext_is_background_on_scroll&quot;:&quot;false&quot;,&quot;grandrestaurant_ext_link_reservation&quot;:&quot;false&quot;,&quot;grandrestaurant_ext_link_sidemenu&quot;:&quot;false&quot;,&quot;grandrestaurant_ext_link_fullmenu&quot;:&quot;false&quot;,&quot;grandrestaurant_ext_link_closed_fullmenu&quot;:&quot;false&quot;,&quot;grandrestaurant_ext_is_scrollme&quot;:&quot;false&quot;,&quot;grandrestaurant_ext_is_smoove&quot;:&quot;false&quot;,&quot;grandrestaurant_ext_is_parallax_mouse&quot;:&quot;false&quot;,&quot;grandrestaurant_ext_is_infinite&quot;:&quot;false&quot;,&quot;grandrestaurant_ext_is_fadeout_animation&quot;:&quot;false&quot;,&quot;grandrestaurant_ext_mobile_static&quot;:&quot;false&quot;}\">\n\t\t\t\t\t<div class=\"e-con-inner\">\n\t\t<div class=\"elementor-element elementor-element-9402dc2 e-con-full e-flex e-con e-child\" data-id=\"9402dc2\" data-element_type=\"container\" data-settings=\"{&quot;grandrestaurant_ext_is_background_parallax&quot;:&quot;false&quot;,&quot;grandrestaurant_ext_is_background_backdrop&quot;:&quot;false&quot;,&quot;grandrestaurant_ext_is_background_on_scroll&quot;:&quot;false&quot;,&quot;grandrestaurant_ext_link_reservation&quot;:&quot;false&quot;,&quot;grandrestaurant_ext_link_sidemenu&quot;:&quot;false&quot;,&quot;grandrestaurant_ext_link_fullmenu&quot;:&quot;false&quot;,&quot;grandrestaurant_ext_link_closed_fullmenu&quot;:&quot;false&quot;,&quot;grandrestaurant_ext_is_scrollme&quot;:&quot;false&quot;,&quot;grandrestaurant_ext_is_smoove&quot;:&quot;false&quot;,&quot;grandrestaurant_ext_is_parallax_mouse&quot;:&quot;false&quot;,&quot;grandrestaurant_ext_is_infinite&quot;:&quot;false&quot;,&quot;grandrestaurant_ext_is_fadeout_animation&quot;:&quot;false&quot;,&quot;grandrestaurant_ext_mobile_static&quot;:&quot;false&quot;}\">\n\t\t\t\t<div class=\"elementor-element elementor-element-f4f8356 elementor-invisible elementor-widget elementor-widget-heading\" data-id=\"f4f8356\" data-element_type=\"widget\" data-settings=\"{&quot;_animation&quot;:&quot;fadeInDown&quot;,&quot;_animation_delay&quot;:500,&quot;grandrestaurant_ext_link_reservation&quot;:&quot;false&quot;,&quot;grandrestaurant_ext_link_sidemenu&quot;:&quot;false&quot;,&quot;grandrestaurant_ext_link_fullmenu&quot;:&quot;false&quot;,&quot;grandrestaurant_ext_link_closed_fullmenu&quot;:&quot;false&quot;,&quot;grandrestaurant_ext_is_scrollme&quot;:&quot;false&quot;,&quot;grandrestaurant_ext_is_smoove&quot;:&quot;false&quot;,&quot;grandrestaurant_ext_is_parallax_mouse&quot;:&quot;false&quot;,&quot;grandrestaurant_ext_is_infinite&quot;:&quot;false&quot;,&quot;grandrestaurant_ext_mobile_static&quot;:&quot;false&quot;}\" data-widget_type=\"heading.default\">\n\t\t\t\t<div class=\"elementor-widget-container\">\n\t\t\t\t\t<div class=\"elementor-heading-title elementor-size-default\">\u0160EST TOPOLA<\/div>\t\t\t\t<\/div>\n\t\t\t\t<\/div>\n\t\t\t\t<div class=\"elementor-element elementor-element-bf45adf elementor-invisible elementor-widget elementor-widget-grandrestaurant-blog-posts\" data-id=\"bf45adf\" data-element_type=\"widget\" data-settings=\"{&quot;_animation&quot;:&quot;fadeInLeft&quot;,&quot;_animation_delay&quot;:500,&quot;grandrestaurant_ext_link_reservation&quot;:&quot;false&quot;,&quot;grandrestaurant_ext_link_sidemenu&quot;:&quot;false&quot;,&quot;grandrestaurant_ext_link_fullmenu&quot;:&quot;false&quot;,&quot;grandrestaurant_ext_link_closed_fullmenu&quot;:&quot;false&quot;,&quot;grandrestaurant_ext_is_scrollme&quot;:&quot;false&quot;,&quot;grandrestaurant_ext_is_smoove&quot;:&quot;false&quot;,&quot;grandrestaurant_ext_is_parallax_mouse&quot;:&quot;false&quot;,&quot;grandrestaurant_ext_is_infinite&quot;:&quot;false&quot;,&quot;grandrestaurant_ext_is_fadeout_animation&quot;:&quot;false&quot;,&quot;grandrestaurant_ext_mobile_static&quot;:&quot;false&quot;}\" data-widget_type=\"grandrestaurant-blog-posts.default\">\n\t\t\t\t<div class=\"elementor-widget-container\">\n\t\t\t\t\t<div class=\"blog-post-content-wrapper layout-grid\">\n<!-- Begin each blog post -->\n<div class=\"blog-posts-grid post-7667 post type-post status-publish format-standard has-post-thumbnail hentry category-blog\">\n\t\n\t\t<div class=\"post-wrapper smoove disable_tablet\" data-delay=\"100\" data-minwidth=\"769\" data-offset=\"-30%\">\n\t\t\n\t\t\t\t    <div class=\"post-featured-image static\">\n\t\t\t    \t\t\t    <div class=\"post-featured-image-hover\">\n\t\t\t\t    \n\t\t\t\t    \t\t\t\t    \n\t\t\t     \t\t\t\t\t     <img decoding=\"async\"  src=\"https:\/\/sesttopola.rs\/wp-content\/uploads\/2024\/02\/wizard-media-626-960x500.webp\" class=\"disable_tablet\" alt=\"\"\/>\n\t\t\t\t     \t\t\t     \t\t\t\t     \t<a href=\"https:\/\/sesttopola.rs\/en\/najlepse-sale-za-svadbe-u-beogradu-i-okolini-vodic-za-mladence\/\"><\/a>\n\t\t\t    <\/div>\n\t\t    <\/div>\n\t\t\t    \n\t    <div class=\"post-content-wrapper text-\">\n\t\t    \n\t\t    <div class=\"post-header\">\n\t\t\t    <div class=\"post-header-title\">\n\t\t\t\t    <h5><a href=\"https:\/\/sesttopola.rs\/en\/najlepse-sale-za-svadbe-u-beogradu-i-okolini-vodic-za-mladence\/\" title=\"The most beautiful wedding venues in Belgrade and the surrounding area \u2013 a guide for newlyweds\">The most beautiful wedding venues in Belgrade and the surrounding area \u2013 a guide for newlyweds<\/a><\/h5>\n\t\t\t\t<\/div>\n\t\t\t    \n\t\t\t    \t\t\t<\/div>\n\t    \n\t\t\t<div class=\"post-header-wrapper\">\n\t\t\t\t<p>Belgrade and its surroundings offer a wide selection of wedding venues, from luxurious restaurants in the city center...<\/p>\t\t\t    <div class=\"post-button-wrapper\">\n\t\t\t\t    <a class=\"continue-reading\" href=\"https:\/\/sesttopola.rs\/en\/najlepse-sale-za-svadbe-u-beogradu-i-okolini-vodic-za-mladence\/\" title=\"The most beautiful wedding venues in Belgrade and the surrounding area \u2013 a guide for newlyweds\">Continue Reading<span><\/span><\/a>\n\t\t\t    <\/div>\n\t\t\t    <br class=\"clear\"\/>\n\t\t\t<\/div>\n\t    <\/div>\n\t    \n\t<\/div>\n\n<\/div>\n<!-- End each blog post --><!-- Begin each blog post -->\n<div class=\"blog-posts-grid post-7662 post type-post status-publish format-standard has-post-thumbnail hentry category-blog\">\n\t\n\t\t<div class=\"post-wrapper smoove disable_tablet\" data-delay=\"200\" data-minwidth=\"769\" data-offset=\"-30%\">\n\t\t\n\t\t\t\t    <div class=\"post-featured-image static\">\n\t\t\t    \t\t\t    <div class=\"post-featured-image-hover\">\n\t\t\t\t    \n\t\t\t\t    \t\t\t\t    \n\t\t\t     \t\t\t\t\t     <img decoding=\"async\"  src=\"https:\/\/sesttopola.rs\/wp-content\/uploads\/2024\/02\/wizard-media-300-960x500.webp\" class=\"disable_tablet\" alt=\"\"\/>\n\t\t\t\t     \t\t\t     \t\t\t\t     \t<a href=\"https:\/\/sesttopola.rs\/en\/trendovi-u-uredjenju-svadbenih-sala\/\"><\/a>\n\t\t\t    <\/div>\n\t\t    <\/div>\n\t\t\t    \n\t    <div class=\"post-content-wrapper text-\">\n\t\t    \n\t\t    <div class=\"post-header\">\n\t\t\t    <div class=\"post-header-title\">\n\t\t\t\t    <h5><a href=\"https:\/\/sesttopola.rs\/en\/trendovi-u-uredjenju-svadbenih-sala\/\" title=\"Trends in wedding venue decoration\">Trends in wedding venue decoration<\/a><\/h5>\n\t\t\t\t<\/div>\n\t\t\t    \n\t\t\t    \t\t\t<\/div>\n\t    \n\t\t\t<div class=\"post-header-wrapper\">\n\t\t\t\t<p>Belgrade offers a variety of wedding venues, but only a select few can earn the title...<\/p>\t\t\t    <div class=\"post-button-wrapper\">\n\t\t\t\t    <a class=\"continue-reading\" href=\"https:\/\/sesttopola.rs\/en\/trendovi-u-uredjenju-svadbenih-sala\/\" title=\"Trends in wedding venue decoration\">Continue Reading<span><\/span><\/a>\n\t\t\t    <\/div>\n\t\t\t    <br class=\"clear\"\/>\n\t\t\t<\/div>\n\t    <\/div>\n\t    \n\t<\/div>\n\n<\/div>\n<!-- End each blog post --><!-- Begin each blog post -->\n<div class=\"blog-posts-grid post-7657 post type-post status-publish format-standard has-post-thumbnail hentry category-blog\">\n\t\n\t\t<div class=\"post-wrapper smoove disable_tablet\" data-delay=\"300\" data-minwidth=\"769\" data-offset=\"-30%\">\n\t\t\n\t\t\t\t    <div class=\"post-featured-image static\">\n\t\t\t    \t\t\t    <div class=\"post-featured-image-hover\">\n\t\t\t\t    \n\t\t\t\t    \t\t\t\t    \n\t\t\t     \t\t\t\t\t     <img decoding=\"async\"  src=\"https:\/\/sesttopola.rs\/wp-content\/uploads\/2024\/02\/wizard-media-291-960x500.webp\" class=\"disable_tablet\" alt=\"\"\/>\n\t\t\t\t     \t\t\t     \t\t\t\t     \t<a href=\"https:\/\/sesttopola.rs\/en\/kako-odabrati-savrsenu-salu-za-svadbu\/\"><\/a>\n\t\t\t    <\/div>\n\t\t    <\/div>\n\t\t\t    \n\t    <div class=\"post-content-wrapper text-\">\n\t\t    \n\t\t    <div class=\"post-header\">\n\t\t\t    <div class=\"post-header-title\">\n\t\t\t\t    <h5><a href=\"https:\/\/sesttopola.rs\/en\/kako-odabrati-savrsenu-salu-za-svadbu\/\" title=\"How to choose the perfect wedding venue\">How to choose the perfect wedding venue<\/a><\/h5>\n\t\t\t\t<\/div>\n\t\t\t    \n\t\t\t    \t\t\t<\/div>\n\t    \n\t\t\t<div class=\"post-header-wrapper\">\n\t\t\t\t<p>Planning a wedding is an exciting but also stressful process, and one of the most important decisions every couple has to make...<\/p>\t\t\t    <div class=\"post-button-wrapper\">\n\t\t\t\t    <a class=\"continue-reading\" href=\"https:\/\/sesttopola.rs\/en\/kako-odabrati-savrsenu-salu-za-svadbu\/\" title=\"How to choose the perfect wedding venue\">Continue Reading<span><\/span><\/a>\n\t\t\t    <\/div>\n\t\t\t    <br class=\"clear\"\/>\n\t\t\t<\/div>\n\t    <\/div>\n\t    \n\t<\/div>\n\n<\/div>\n<!-- End each blog post --><!-- Begin each blog post -->\n<div class=\"blog-posts-grid post-7615 post type-post status-publish format-standard has-post-thumbnail hentry category-blog\">\n\t\n\t\t<div class=\"post-wrapper smoove disable_tablet\" data-delay=\"400\" data-minwidth=\"769\" data-offset=\"-30%\">\n\t\t\n\t\t\t\t    <div class=\"post-featured-image static\">\n\t\t\t    \t\t\t    <div class=\"post-featured-image-hover\">\n\t\t\t\t    \n\t\t\t\t    \t\t\t\t    \n\t\t\t     \t\t\t\t\t     <img decoding=\"async\"  src=\"https:\/\/sesttopola.rs\/wp-content\/uploads\/2024\/02\/wizard-media-629-960x500.webp\" class=\"disable_tablet\" alt=\"\"\/>\n\t\t\t\t     \t\t\t     \t\t\t\t     \t<a href=\"https:\/\/sesttopola.rs\/en\/top-5-najlepsih-sala-za-vencanja-u-beogradu\/\"><\/a>\n\t\t\t    <\/div>\n\t\t    <\/div>\n\t\t\t    \n\t    <div class=\"post-content-wrapper text-\">\n\t\t    \n\t\t    <div class=\"post-header\">\n\t\t\t    <div class=\"post-header-title\">\n\t\t\t\t    <h5><a href=\"https:\/\/sesttopola.rs\/en\/top-5-najlepsih-sala-za-vencanja-u-beogradu\/\" title=\"Top 5 most beautiful wedding halls in Belgrade\">Top 5 most beautiful wedding halls in Belgrade<\/a><\/h5>\n\t\t\t\t<\/div>\n\t\t\t    \n\t\t\t    \t\t\t<\/div>\n\t    \n\t\t\t<div class=\"post-header-wrapper\">\n\t\t\t\t<p>Belgrade offers a variety of wedding venues, but only a select few can earn the title...<\/p>\t\t\t    <div class=\"post-button-wrapper\">\n\t\t\t\t    <a class=\"continue-reading\" href=\"https:\/\/sesttopola.rs\/en\/top-5-najlepsih-sala-za-vencanja-u-beogradu\/\" title=\"Top 5 most beautiful wedding halls in Belgrade\">Continue Reading<span><\/span><\/a>\n\t\t\t    <\/div>\n\t\t\t    <br class=\"clear\"\/>\n\t\t\t<\/div>\n\t    <\/div>\n\t    \n\t<\/div>\n\n<\/div>\n<!-- End each blog post --><!-- Begin each blog post -->\n<div class=\"blog-posts-grid post-7594 post type-post status-publish format-standard has-post-thumbnail hentry category-blog\">\n\t\n\t\t<div class=\"post-wrapper smoove disable_tablet\" data-delay=\"100\" data-minwidth=\"769\" data-offset=\"-30%\">\n\t\t\n\t\t\t\t    <div class=\"post-featured-image static\">\n\t\t\t    \t\t\t    <div class=\"post-featured-image-hover\">\n\t\t\t\t    \n\t\t\t\t    \t\t\t\t    \n\t\t\t     \t\t\t\t\t     <img decoding=\"async\"  src=\"https:\/\/sesttopola.rs\/wp-content\/uploads\/2024\/02\/wizard-media-619-960x500.webp\" class=\"disable_tablet\" alt=\"\"\/>\n\t\t\t\t     \t\t\t     \t\t\t\t     \t<a href=\"https:\/\/sesttopola.rs\/en\/sale-za-vencanje-savrsena-lokacija-za-vas-poseban-dan\/\"><\/a>\n\t\t\t    <\/div>\n\t\t    <\/div>\n\t\t\t    \n\t    <div class=\"post-content-wrapper text-\">\n\t\t    \n\t\t    <div class=\"post-header\">\n\t\t\t    <div class=\"post-header-title\">\n\t\t\t\t    <h5><a href=\"https:\/\/sesttopola.rs\/en\/sale-za-vencanje-savrsena-lokacija-za-vas-poseban-dan\/\" title=\"Wedding halls: The perfect location for your special day\">Wedding halls: The perfect location for your special day<\/a><\/h5>\n\t\t\t\t<\/div>\n\t\t\t    \n\t\t\t    \t\t\t<\/div>\n\t    \n\t\t\t<div class=\"post-header-wrapper\">\n\t\t\t\t<p>Wedding planning begins with choosing a venue that will enhance the festive atmosphere and leave...<\/p>\t\t\t    <div class=\"post-button-wrapper\">\n\t\t\t\t    <a class=\"continue-reading\" href=\"https:\/\/sesttopola.rs\/en\/sale-za-vencanje-savrsena-lokacija-za-vas-poseban-dan\/\" title=\"Wedding halls: The perfect location for your special day\">Continue Reading<span><\/span><\/a>\n\t\t\t    <\/div>\n\t\t\t    <br class=\"clear\"\/>\n\t\t\t<\/div>\n\t    <\/div>\n\t    \n\t<\/div>\n\n<\/div>\n<!-- End each blog post --><!-- Begin each blog post -->\n<div class=\"blog-posts-grid post-7586 post type-post status-publish format-standard has-post-thumbnail hentry category-blog\">\n\t\n\t\t<div class=\"post-wrapper smoove disable_tablet\" data-delay=\"200\" data-minwidth=\"769\" data-offset=\"-30%\">\n\t\t\n\t\t\t\t    <div class=\"post-featured-image static\">\n\t\t\t    \t\t\t    <div class=\"post-featured-image-hover\">\n\t\t\t\t    \n\t\t\t\t    \t\t\t\t    \n\t\t\t     \t\t\t\t\t     <img decoding=\"async\"  src=\"https:\/\/sesttopola.rs\/wp-content\/uploads\/2024\/02\/wizard-media-298-960x500.webp\" class=\"disable_tablet\" alt=\"\"\/>\n\t\t\t\t     \t\t\t     \t\t\t\t     \t<a href=\"https:\/\/sesttopola.rs\/en\/vas-poseban-dan-na-obali-save\/\"><\/a>\n\t\t\t    <\/div>\n\t\t    <\/div>\n\t\t\t    \n\t    <div class=\"post-content-wrapper text-\">\n\t\t    \n\t\t    <div class=\"post-header\">\n\t\t\t    <div class=\"post-header-title\">\n\t\t\t\t    <h5><a href=\"https:\/\/sesttopola.rs\/en\/vas-poseban-dan-na-obali-save\/\" title=\"Your special day on the banks of the Sava\">Your special day on the banks of the Sava<\/a><\/h5>\n\t\t\t\t<\/div>\n\t\t\t    \n\t\t\t    \t\t\t<\/div>\n\t    \n\t\t\t<div class=\"post-header-wrapper\">\n\t\t\t\t<p>Restaurant \u0160est Topola, located right on the banks of the Sava River, is the perfect place for organizing...<\/p>\t\t\t    <div class=\"post-button-wrapper\">\n\t\t\t\t    <a class=\"continue-reading\" href=\"https:\/\/sesttopola.rs\/en\/vas-poseban-dan-na-obali-save\/\" title=\"Your special day on the banks of the Sava\">Continue Reading<span><\/span><\/a>\n\t\t\t    <\/div>\n\t\t\t    <br class=\"clear\"\/>\n\t\t\t<\/div>\n\t    <\/div>\n\t    \n\t<\/div>\n\n<\/div>\n<!-- End each blog post --><\/div>\n<br class=\"clear\"\/>\n\t    \t\t<div class=\"pagination blog-posts-grid elementor-blog-pagination\"><p><a href=\"https:\/\/sesttopola.rs\/en\/wp-json\/wp\/v2\/pages\/4885\/page\/2\/\" >Next Page &raquo;<\/a><\/p><\/div>\n\t\t\t<div class=\"pagination-detail blog-posts-grid\">\n\t\t    \tPage 1 of 3\t\t    <\/div>\n<br class=\"clear\"\/>\t\t\t\t<\/div>\n\t\t\t\t<\/div>\n\t\t\t\t<\/div>\n\t\t\t\t\t<\/div>\n\t\t\t\t<\/div>\n\t\t\t\t<\/div>","protected":false},"excerpt":{"rendered":"<p>+381 61 30 20 300 \u0160est topola Blog \u0160EST TOPOLA Kako optimizovati usluge za razli\u010dite vrste doga\u0111aja: Korporativni vs. privatni doga\u0111aji Svaka vrsta doga\u0111aja, bilo da se radi o korporativnom okupljanju ili privatnoj proslavi, zahteva&#8230; Pro\u010ditaj Vi\u0161e \u0160est Topola \u2013 [&hellip;]<\/p>","protected":false},"author":3,"featured_media":0,"parent":0,"menu_order":0,"comment_status":"closed","ping_status":"closed","template":"elementor_header_footer","meta":{"footnotes":""},"class_list":["post-4885","page","type-page","status-publish","hentry"],"_links":{"self":[{"href":"https:\/\/sesttopola.rs\/en\/wp-json\/wp\/v2\/pages\/4885","targetHints":{"allow":["GET"]}}],"collection":[{"href":"https:\/\/sesttopola.rs\/en\/wp-json\/wp\/v2\/pages"}],"about":[{"href":"https:\/\/sesttopola.rs\/en\/wp-json\/wp\/v2\/types\/page"}],"author":[{"embeddable":true,"href":"https:\/\/sesttopola.rs\/en\/wp-json\/wp\/v2\/users\/3"}],"replies":[{"embeddable":true,"href":"https:\/\/sesttopola.rs\/en\/wp-json\/wp\/v2\/comments?post=4885"}],"version-history":[{"count":40,"href":"https:\/\/sesttopola.rs\/en\/wp-json\/wp\/v2\/pages\/4885\/revisions"}],"predecessor-version":[{"id":7470,"href":"https:\/\/sesttopola.rs\/en\/wp-json\/wp\/v2\/pages\/4885\/revisions\/7470"}],"wp:attachment":[{"href":"https:\/\/sesttopola.rs\/en\/wp-json\/wp\/v2\/media?parent=4885"}],"curies":[{"name":"wp","href":"https:\/\/api.w.org\/{rel}","templated":true}]}}